{"id":2402,"date":"2020-01-21T05:48:41","date_gmt":"2020-01-21T05:48:41","guid":{"rendered":"https:\/\/uzermak.com\/about-us\/"},"modified":"2024-11-27T14:39:02","modified_gmt":"2024-11-27T14:39:02","slug":"hakkimizda","status":"publish","type":"page","link":"https:\/\/uzermak.com\/tr\/hakkimizda\/","title":{"rendered":"Hakk\u0131m\u0131zda"},"content":{"rendered":"\t\t<div data-elementor-type=\"wp-page\" data-elementor-id=\"2402\" class=\"elementor elementor-2402 elementor-96\" data-elementor-post-type=\"page\">\n\t\t\t\t\t\t<section class=\"elementor-section elementor-top-section elementor-element elementor-element-c5db10f elementor-section-height-min-height elementor-section-boxed elementor-section-height-default elementor-section-items-middle\" data-id=\"c5db10f\" data-element_type=\"section\" data-settings=\"{&quot;background_background&quot;:&quot;classic&quot;}\">\n\t\t\t\t\t\t<div class=\"elementor-container elementor-column-gap-default\">\n\t\t\t\t\t<div class=\"elementor-column elementor-col-50 elementor-top-column elementor-element elementor-element-c66fb8b\" data-id=\"c66fb8b\" data-element_type=\"column\">\n\t\t\t<div class=\"elementor-widget-wrap elementor-element-populated\">\n\t\t\t\t\t\t<div class=\"elementor-element elementor-element-58a89d0 elementor-widget elementor-widget-heading\" data-id=\"58a89d0\" data-element_type=\"widget\" data-widget_type=\"heading.default\">\n\t\t\t\t<div class=\"elementor-widget-container\">\n\t\t\t<h2 class=\"elementor-heading-title elementor-size-default\">Hakk\u0131m\u0131zda<\/h2>\t\t<\/div>\n\t\t\t\t<\/div>\n\t\t\t\t\t<\/div>\n\t\t<\/div>\n\t\t\t\t<div class=\"elementor-column elementor-col-50 elementor-top-column elementor-element elementor-element-e920b90\" data-id=\"e920b90\" data-element_type=\"column\">\n\t\t\t<div class=\"elementor-widget-wrap elementor-element-populated\">\n\t\t\t\t\t\t<div class=\"elementor-element elementor-element-d6d1a90 elementor-widget elementor-widget-shortcode\" data-id=\"d6d1a90\" data-element_type=\"widget\" data-widget_type=\"shortcode.default\">\n\t\t\t\t<div class=\"elementor-widget-container\">\n\t\t\t\t\t<div class=\"elementor-shortcode\">\t\t\t<!-- Flexy Breadcrumb -->\r\n\t\t\t<div class=\"fbc fbc-page\">\r\n\r\n\t\t\t\t<!-- Breadcrumb wrapper -->\r\n\t\t\t\t<div class=\"fbc-wrap\">\r\n\r\n\t\t\t\t\t<!-- Ordered list-->\r\n\t\t\t\t\t<ol class=\"fbc-items\" itemscope itemtype=\"https:\/\/schema.org\/BreadcrumbList\">\r\n\t\t\t\t\t\t            <li itemprop=\"itemListElement\" itemscope itemtype=\"https:\/\/schema.org\/ListItem\">\r\n                <span itemprop=\"name\">\r\n                    <!-- Home Link -->\r\n                    <a itemprop=\"item\" href=\"https:\/\/uzermak.com\/tr\/\">\r\n                    \r\n                                                    <i class=\"fa fa-home\" aria-hidden=\"true\"><\/i>Home                    <\/a>\r\n                <\/span>\r\n                <meta itemprop=\"position\" content=\"1\" \/><!-- Meta Position-->\r\n             <\/li><li><span class=\"fbc-separator\">\/<\/span><\/li><li class=\"active\" itemprop=\"itemListElement\" itemscope itemtype=\"https:\/\/schema.org\/ListItem\"><span itemprop=\"name\" title=\"Hakk\u0131m\u0131zda\">Hakk\u0131m\u0131zda<\/span><meta itemprop=\"position\" content=\"2\" \/><\/li>\t\t\t\t\t<\/ol>\r\n\t\t\t\t\t<div class=\"clearfix\"><\/div>\r\n\t\t\t\t<\/div>\r\n\t\t\t<\/div>\r\n\t\t\t<\/div>\n\t\t\t\t<\/div>\n\t\t\t\t<\/div>\n\t\t\t\t\t<\/div>\n\t\t<\/div>\n\t\t\t\t\t<\/div>\n\t\t<\/section>\n\t\t\t\t<section class=\"elementor-section elementor-top-section elementor-element elementor-element-2f853da elementor-section-boxed elementor-section-height-default elementor-section-height-default\" data-id=\"2f853da\" data-element_type=\"section\">\n\t\t\t\t\t\t<div class=\"elementor-container elementor-column-gap-default\">\n\t\t\t\t\t<div class=\"elementor-column elementor-col-100 elementor-top-column elementor-element elementor-element-71cce2a\" data-id=\"71cce2a\" data-element_type=\"column\">\n\t\t\t<div class=\"elementor-widget-wrap elementor-element-populated\">\n\t\t\t\t\t\t<div class=\"elementor-element elementor-element-092c2fe elementor-widget elementor-widget-video\" data-id=\"092c2fe\" data-element_type=\"widget\" data-settings=\"{&quot;youtube_url&quot;:&quot;https:\\\/\\\/www.youtube.com\\\/watch?v=ybn5g3gZQRA&quot;,&quot;show_image_overlay&quot;:&quot;yes&quot;,&quot;image_overlay&quot;:{&quot;url&quot;:&quot;https:\\\/\\\/uzermak.com\\\/wp-content\\\/uploads\\\/2020\\\/01\\\/uzermak-about-picture.jpg&quot;,&quot;id&quot;:2403,&quot;size&quot;:&quot;&quot;},&quot;lazy_load&quot;:&quot;yes&quot;,&quot;video_type&quot;:&quot;youtube&quot;,&quot;controls&quot;:&quot;yes&quot;}\" data-widget_type=\"video.default\">\n\t\t\t\t<div class=\"elementor-widget-container\">\n\t\t\t\t\t<div class=\"elementor-wrapper elementor-open-inline\">\n\t\t\t<div class=\"elementor-video\"><\/div>\t\t\t\t<div class=\"elementor-custom-embed-image-overlay\" style=\"background-image: url(https:\/\/uzermak.com\/wp-content\/uploads\/2020\/01\/uzermak-about-picture.jpg);\">\n\t\t\t\t\t\t\t\t\t\t\t\t\t\t\t\t<div class=\"elementor-custom-embed-play\" role=\"button\" aria-label=\"Videoyu Oynat\" tabindex=\"0\">\n\t\t\t\t\t\t\t<i aria-hidden=\"true\" class=\"eicon-play\"><\/i>\t\t\t\t\t\t\t<span class=\"elementor-screen-only\">Videoyu Oynat<\/span>\n\t\t\t\t\t\t<\/div>\n\t\t\t\t\t\t\t\t\t<\/div>\n\t\t\t\t\t<\/div>\n\t\t\t\t<\/div>\n\t\t\t\t<\/div>\n\t\t\t\t<div class=\"elementor-element elementor-element-ffa2eb4 elementor-widget elementor-widget-text-editor\" data-id=\"ffa2eb4\" data-element_type=\"widget\" data-widget_type=\"text-editor.default\">\n\t\t\t\t<div class=\"elementor-widget-container\">\n\t\t\t\t\t\t\t<p>Uzermak A.\u015e. 27 y\u0131l \u00f6nce T\u00fcrkiye&#8217;nin bat\u0131s\u0131nda, \u0130zmir&#8217;de s\u00fct ve g\u0131da end\u00fcstrisi i\u00e7in makine ve ekipman \u00fcretmeye ba\u015flam\u0131\u015ft\u0131r. Bug\u00fcn, 10000m\u00b2 alan i\u00e7erisinde \u00fcretimini s\u00fcrd\u00fcrmektedir.<\/p><p>Firmam\u0131z, d\u00fcnyan\u0131n \u00f6nde gelen g\u0131da i\u015fleme end\u00fcstrisi firmalar\u0131na, makine ve ekipman imalat\u0131n\u0131n yan\u0131 s\u0131ra, montaj hizmeti, anahtar teslimi fabrika kurulumu ve sat\u0131\u015f sonras\u0131 servis hizmeti sunmaktad\u0131r. \u00dcretti\u011fi y\u00fcksek kaliteli ve y\u00fcksek performansl\u0131 \u00f6zel imalat makineler ile sekt\u00f6r\u00fcnde en \u00e7ok tercih edilen \u00fcreticilerden biri haline gelmi\u015ftir.<\/p><p>Amac\u0131m\u0131z; firmam\u0131z\u0131 her g\u00fcn bir ad\u0131m \u00f6teye ta\u015f\u0131makt\u0131r. Bu nedenle, makinelerimizi geli\u015ftirmeye ve \u00fcr\u00fcn portf\u00f6y\u00fcm\u00fcze yenilerini eklemeye devam etmekteyiz. Teknoloji ve yeniliklerle m\u00fc\u015fterilerimize destek olmay\u0131 ve hizmet vermeyi ama\u00e7l\u0131yor, ihracat yaparak d\u00fcnyadaki varl\u0131\u011f\u0131m\u0131z\u0131 art\u0131rmay\u0131 hedefliyoruz. \u015eimdiye kadar 35&#8217;ten fazla \u00fclkeye ihracat yapt\u0131k; Bel\u00e7ika, BAE, Bulgaristan, Cezayir, Fas, Finlandiya, G\u00fcney Afrika, Hindistan, Hollanda, Irak, \u0130ngiltere, \u0130ran, Katar, Kazakistan, K\u0131br\u0131s, K\u0131rg\u0131zistan, Libya, Litvanya, L\u00fcbnan, Macaristan, Malezya, M\u0131s\u0131r, \u00d6zbekistan, Pakistan, Polonya, Romanya, Rusya, Senegal, Suriye, Suudi Arabistan, \u00dcrd\u00fcn, Yemen, Zimbabve bu \u00fclkelerden baz\u0131lar\u0131d\u0131r.<\/p><p>Uzermak, S\u00fct pi\u015firme kazanlar\u0131, Proses peynir makineleri, Ha\u015flama, yo\u011furma ve gramajlama makineleri, Proses tanklar\u0131, Teleme s\u00fczme tanburlar\u0131, Kesintisiz sistem ka\u015far peyniri i\u015fleme hatt\u0131, Hellim peyniri \u00fcretim hatt\u0131, Eritme peynir makineleri, FetaCUT mekanik homojenizat\u00f6rler, UHT sistemi, D\u00fc\u015fey film evaporat\u00f6rler, Plakal\u0131 pastorizat\u00f6rler ve e\u015fanj\u00f6rler, ile g\u0131da i\u015fleme ekipmanlar\u0131n\u0131 \u00fcst\u00fcn kalite anlay\u0131\u015f\u0131 ile \u00fcretmektedir.<\/p>\t\t\t\t\t\t<\/div>\n\t\t\t\t<\/div>\n\t\t\t\t\t<\/div>\n\t\t<\/div>\n\t\t\t\t\t<\/div>\n\t\t<\/section>\n\t\t\t\t<\/div>\n\t\t","protected":false},"excerpt":{"rendered":"<p>https:\/\/www.youtube.com\/watch?v=ybn5g3gZQRA Uzermak A.\u015e. 27 y\u0131l \u00f6nce T\u00fcrkiye&#8217;nin bat\u0131s\u0131nda, \u0130zmir&#8217;de s\u00fct ve g\u0131da end\u00fcstrisi i\u00e7in makine ve ekipman \u00fcretmeye ba\u015flam\u0131\u015ft\u0131r. Bug\u00fcn, 10000m\u00b2 alan i\u00e7erisinde \u00fcretimini s\u00fcrd\u00fcrmektedir. Firmam\u0131z, d\u00fcnyan\u0131n \u00f6nde gelen g\u0131da i\u015fleme end\u00fcstrisi firmalar\u0131na, makine ve ekipman imalat\u0131n\u0131n yan\u0131 s\u0131ra, montaj hizmeti, anahtar teslimi fabrika kurulumu ve sat\u0131\u015f sonras\u0131 servis hizmeti sunmaktad\u0131r. \u00dcretti\u011fi y\u00fcksek kaliteli ve [&hellip;]<\/p>\n","protected":false},"author":1,"featured_media":0,"parent":0,"menu_order":0,"comment_status":"closed","ping_status":"closed","template":"","meta":{"_monsterinsights_skip_tracking":false,"_monsterinsights_sitenote_active":false,"_monsterinsights_sitenote_note":"","_monsterinsights_sitenote_category":0,"footnotes":""},"class_list":["post-2402","page","type-page","status-publish","hentry"],"aioseo_notices":[],"_links":{"self":[{"href":"https:\/\/uzermak.com\/tr\/wp-json\/wp\/v2\/pages\/2402","targetHints":{"allow":["GET"]}}],"collection":[{"href":"https:\/\/uzermak.com\/tr\/wp-json\/wp\/v2\/pages"}],"about":[{"href":"https:\/\/uzermak.com\/tr\/wp-json\/wp\/v2\/types\/page"}],"author":[{"embeddable":true,"href":"https:\/\/uzermak.com\/tr\/wp-json\/wp\/v2\/users\/1"}],"replies":[{"embeddable":true,"href":"https:\/\/uzermak.com\/tr\/wp-json\/wp\/v2\/comments?post=2402"}],"version-history":[{"count":3,"href":"https:\/\/uzermak.com\/tr\/wp-json\/wp\/v2\/pages\/2402\/revisions"}],"predecessor-version":[{"id":6108,"href":"https:\/\/uzermak.com\/tr\/wp-json\/wp\/v2\/pages\/2402\/revisions\/6108"}],"wp:attachment":[{"href":"https:\/\/uzermak.com\/tr\/wp-json\/wp\/v2\/media?parent=2402"}],"curies":[{"name":"wp","href":"https:\/\/api.w.org\/{rel}","templated":true}]}}