{"id":2392,"date":"2020-01-21T06:29:14","date_gmt":"2020-01-21T06:29:14","guid":{"rendered":"https:\/\/uzermak.com\/products\/"},"modified":"2021-03-02T08:07:27","modified_gmt":"2021-03-02T08:07:27","slug":"urunler","status":"publish","type":"page","link":"https:\/\/uzermak.com\/tr\/urunler\/","title":{"rendered":"\u00dcr\u00fcnler"},"content":{"rendered":"\t\t<div data-elementor-type=\"wp-page\" data-elementor-id=\"2392\" class=\"elementor elementor-2392 elementor-108\" data-elementor-post-type=\"page\">\n\t\t\t\t\t\t<section class=\"elementor-section elementor-top-section elementor-element elementor-element-be935b6 elementor-section-height-min-height elementor-section-boxed elementor-section-height-default elementor-section-items-middle\" data-id=\"be935b6\" data-element_type=\"section\" data-settings=\"{&quot;background_background&quot;:&quot;classic&quot;}\">\n\t\t\t\t\t\t<div class=\"elementor-container elementor-column-gap-default\">\n\t\t\t\t\t<div class=\"elementor-column elementor-col-50 elementor-top-column elementor-element elementor-element-df31faa\" data-id=\"df31faa\" data-element_type=\"column\">\n\t\t\t<div class=\"elementor-widget-wrap elementor-element-populated\">\n\t\t\t\t\t\t<div class=\"elementor-element elementor-element-870ed7c elementor-widget elementor-widget-heading\" data-id=\"870ed7c\" data-element_type=\"widget\" data-widget_type=\"heading.default\">\n\t\t\t\t<div class=\"elementor-widget-container\">\n\t\t\t<h2 class=\"elementor-heading-title elementor-size-default\">\u00dcr\u00fcnler<\/h2>\t\t<\/div>\n\t\t\t\t<\/div>\n\t\t\t\t\t<\/div>\n\t\t<\/div>\n\t\t\t\t<div class=\"elementor-column elementor-col-50 elementor-top-column elementor-element elementor-element-b1c393d\" data-id=\"b1c393d\" data-element_type=\"column\">\n\t\t\t<div class=\"elementor-widget-wrap elementor-element-populated\">\n\t\t\t\t\t\t<div class=\"elementor-element elementor-element-1938ec5 elementor-widget elementor-widget-shortcode\" data-id=\"1938ec5\" data-element_type=\"widget\" data-widget_type=\"shortcode.default\">\n\t\t\t\t<div class=\"elementor-widget-container\">\n\t\t\t\t\t<div class=\"elementor-shortcode\">\t\t\t<!-- Flexy Breadcrumb -->\r\n\t\t\t<div class=\"fbc fbc-page\">\r\n\r\n\t\t\t\t<!-- Breadcrumb wrapper -->\r\n\t\t\t\t<div class=\"fbc-wrap\">\r\n\r\n\t\t\t\t\t<!-- Ordered list-->\r\n\t\t\t\t\t<ol class=\"fbc-items\" itemscope itemtype=\"https:\/\/schema.org\/BreadcrumbList\">\r\n\t\t\t\t\t\t            <li itemprop=\"itemListElement\" itemscope itemtype=\"https:\/\/schema.org\/ListItem\">\r\n                <span itemprop=\"name\">\r\n                    <!-- Home Link -->\r\n                    <a itemprop=\"item\" href=\"https:\/\/uzermak.com\/tr\/\">\r\n                    \r\n                                                    <i class=\"fa fa-home\" aria-hidden=\"true\"><\/i>Home                    <\/a>\r\n                <\/span>\r\n                <meta itemprop=\"position\" content=\"1\" \/><!-- Meta Position-->\r\n             <\/li><li><span class=\"fbc-separator\">\/<\/span><\/li><li class=\"active\" itemprop=\"itemListElement\" itemscope itemtype=\"https:\/\/schema.org\/ListItem\"><span itemprop=\"name\" title=\"\u00dcr\u00fcnler\">\u00dcr\u00fcnler<\/span><meta itemprop=\"position\" content=\"2\" \/><\/li>\t\t\t\t\t<\/ol>\r\n\t\t\t\t\t<div class=\"clearfix\"><\/div>\r\n\t\t\t\t<\/div>\r\n\t\t\t<\/div>\r\n\t\t\t<\/div>\n\t\t\t\t<\/div>\n\t\t\t\t<\/div>\n\t\t\t\t\t<\/div>\n\t\t<\/div>\n\t\t\t\t\t<\/div>\n\t\t<\/section>\n\t\t\t\t<section class=\"elementor-section elementor-top-section elementor-element elementor-element-cd3e464 elementor-section-boxed elementor-section-height-default elementor-section-height-default\" data-id=\"cd3e464\" data-element_type=\"section\" data-settings=\"{&quot;background_background&quot;:&quot;classic&quot;}\">\n\t\t\t\t\t\t<div class=\"elementor-container elementor-column-gap-default\">\n\t\t\t\t\t<div class=\"elementor-column elementor-col-100 elementor-top-column elementor-element elementor-element-118104d\" data-id=\"118104d\" data-element_type=\"column\">\n\t\t\t<div class=\"elementor-widget-wrap elementor-element-populated\">\n\t\t\t\t\t\t<section class=\"elementor-section elementor-inner-section elementor-element elementor-element-c26c906 elementor-section-boxed elementor-section-height-default elementor-section-height-default\" data-id=\"c26c906\" data-element_type=\"section\">\n\t\t\t\t\t\t<div class=\"elementor-container elementor-column-gap-default\">\n\t\t\t\t\t<div class=\"elementor-column elementor-col-33 elementor-inner-column elementor-element elementor-element-f7453f7\" data-id=\"f7453f7\" data-element_type=\"column\">\n\t\t\t<div class=\"elementor-widget-wrap elementor-element-populated\">\n\t\t\t\t\t\t<div class=\"elementor-element elementor-element-a3b28d2 elementor-position-top elementor-widget elementor-widget-image-box\" data-id=\"a3b28d2\" data-element_type=\"widget\" data-widget_type=\"image-box.default\">\n\t\t\t\t<div class=\"elementor-widget-container\">\n\t\t\t<div class=\"elementor-image-box-wrapper\"><figure class=\"elementor-image-box-img\"><a href=\"https:\/\/uzermak.com\/tr\/product-category\/sut-ve-sut-urunleri\/\" tabindex=\"-1\"><img fetchpriority=\"high\" decoding=\"async\" width=\"500\" height=\"334\" src=\"https:\/\/uzermak.com\/wp-content\/uploads\/2020\/03\/diary-products.jpg\" class=\"attachment-full size-full wp-image-1238\" alt=\"\" srcset=\"https:\/\/uzermak.com\/wp-content\/uploads\/2020\/03\/diary-products.jpg 500w, https:\/\/uzermak.com\/wp-content\/uploads\/2020\/03\/diary-products-300x200.jpg 300w\" sizes=\"(max-width: 500px) 100vw, 500px\" \/><\/a><\/figure><div class=\"elementor-image-box-content\"><h3 class=\"elementor-image-box-title\"><a href=\"https:\/\/uzermak.com\/tr\/product-category\/sut-ve-sut-urunleri\/\">S\u00dcT VE S\u00dcT \u00dcR\u00dcNLER\u0130<\/a><\/h3><p class=\"elementor-image-box-description\">Analog, imitasyon ve do\u011fal peynirler i\u00e7in makine ekipman ve i\u015fleme hatlar\u0131<\/p><\/div><\/div>\t\t<\/div>\n\t\t\t\t<\/div>\n\t\t\t\t\t<\/div>\n\t\t<\/div>\n\t\t\t\t<div class=\"elementor-column elementor-col-33 elementor-inner-column elementor-element elementor-element-7ac8a05\" data-id=\"7ac8a05\" data-element_type=\"column\">\n\t\t\t<div class=\"elementor-widget-wrap elementor-element-populated\">\n\t\t\t\t\t\t<div class=\"elementor-element elementor-element-0b0d61a elementor-position-top elementor-widget elementor-widget-image-box\" data-id=\"0b0d61a\" data-element_type=\"widget\" data-widget_type=\"image-box.default\">\n\t\t\t\t<div class=\"elementor-widget-container\">\n\t\t\t<div class=\"elementor-image-box-wrapper\"><figure class=\"elementor-image-box-img\"><a href=\"https:\/\/uzermak.com\/tr\/product-category\/hazir-gida\/\" tabindex=\"-1\"><img decoding=\"async\" width=\"500\" height=\"334\" src=\"https:\/\/uzermak.com\/wp-content\/uploads\/2020\/02\/convenience-food.jpg\" class=\"attachment-full size-full wp-image-563\" alt=\"\" srcset=\"https:\/\/uzermak.com\/wp-content\/uploads\/2020\/02\/convenience-food.jpg 500w, https:\/\/uzermak.com\/wp-content\/uploads\/2020\/02\/convenience-food-300x200.jpg 300w\" sizes=\"(max-width: 500px) 100vw, 500px\" \/><\/a><\/figure><div class=\"elementor-image-box-content\"><h3 class=\"elementor-image-box-title\"><a href=\"https:\/\/uzermak.com\/tr\/product-category\/hazir-gida\/\">HAZIR GIDA<\/a><\/h3><p class=\"elementor-image-box-description\">\u00c7e\u015fitli soslar, p\u00fcre, ket\u00e7ap, mayonez, humus \u00fcretimi<\/p><\/div><\/div>\t\t<\/div>\n\t\t\t\t<\/div>\n\t\t\t\t\t<\/div>\n\t\t<\/div>\n\t\t\t\t<div class=\"elementor-column elementor-col-33 elementor-inner-column elementor-element elementor-element-e060cb2\" data-id=\"e060cb2\" data-element_type=\"column\">\n\t\t\t<div class=\"elementor-widget-wrap elementor-element-populated\">\n\t\t\t\t\t\t<div class=\"elementor-element elementor-element-d16a567 elementor-position-top elementor-widget elementor-widget-image-box\" data-id=\"d16a567\" data-element_type=\"widget\" data-widget_type=\"image-box.default\">\n\t\t\t\t<div class=\"elementor-widget-container\">\n\t\t\t<div class=\"elementor-image-box-wrapper\"><figure class=\"elementor-image-box-img\"><a href=\"https:\/\/uzermak.com\/tr\/product-category\/sekerleme-ve-cikolata\/\" tabindex=\"-1\"><img decoding=\"async\" width=\"500\" height=\"334\" src=\"https:\/\/uzermak.com\/wp-content\/uploads\/2020\/03\/con.jpg\" class=\"attachment-full size-full wp-image-1295\" alt=\"\" srcset=\"https:\/\/uzermak.com\/wp-content\/uploads\/2020\/03\/con.jpg 500w, https:\/\/uzermak.com\/wp-content\/uploads\/2020\/03\/con-300x200.jpg 300w\" sizes=\"(max-width: 500px) 100vw, 500px\" \/><\/a><\/figure><div class=\"elementor-image-box-content\"><h3 class=\"elementor-image-box-title\"><a href=\"https:\/\/uzermak.com\/tr\/product-category\/sekerleme-ve-cikolata\/\">\u015eEKERLEME VE \u00c7\u0130KOLATA<\/a><\/h3><p class=\"elementor-image-box-description\">\u015eekerleme dolgular\u0131, \u00e7ikolata\/ pasta kremas\u0131, gana\u015f, badem ezmesi, re\u00e7el ve pralin uygulamalar\u0131<\/p><\/div><\/div>\t\t<\/div>\n\t\t\t\t<\/div>\n\t\t\t\t\t<\/div>\n\t\t<\/div>\n\t\t\t\t\t<\/div>\n\t\t<\/section>\n\t\t\t\t\t<\/div>\n\t\t<\/div>\n\t\t\t\t\t<\/div>\n\t\t<\/section>\n\t\t\t\t<\/div>\n\t\t","protected":false},"excerpt":{"rendered":"<p>S\u00dcT VE S\u00dcT \u00dcR\u00dcNLER\u0130 Analog, imitasyon ve do\u011fal peynirler i\u00e7in makine ekipman ve i\u015fleme hatlar\u0131 HAZIR GIDA \u00c7e\u015fitli soslar, p\u00fcre, ket\u00e7ap, mayonez, humus \u00fcretimi \u015eEKERLEME VE \u00c7\u0130KOLATA \u015eekerleme dolgular\u0131, \u00e7ikolata\/ pasta kremas\u0131, gana\u015f, badem ezmesi, re\u00e7el ve pralin uygulamalar\u0131<\/p>\n","protected":false},"author":1,"featured_media":0,"parent":0,"menu_order":0,"comment_status":"closed","ping_status":"closed","template":"","meta":{"_monsterinsights_skip_tracking":false,"_monsterinsights_sitenote_active":false,"_monsterinsights_sitenote_note":"","_monsterinsights_sitenote_category":0,"footnotes":""},"class_list":["post-2392","page","type-page","status-publish","hentry"],"aioseo_notices":[],"_links":{"self":[{"href":"https:\/\/uzermak.com\/tr\/wp-json\/wp\/v2\/pages\/2392","targetHints":{"allow":["GET"]}}],"collection":[{"href":"https:\/\/uzermak.com\/tr\/wp-json\/wp\/v2\/pages"}],"about":[{"href":"https:\/\/uzermak.com\/tr\/wp-json\/wp\/v2\/types\/page"}],"author":[{"embeddable":true,"href":"https:\/\/uzermak.com\/tr\/wp-json\/wp\/v2\/users\/1"}],"replies":[{"embeddable":true,"href":"https:\/\/uzermak.com\/tr\/wp-json\/wp\/v2\/comments?post=2392"}],"version-history":[{"count":0,"href":"https:\/\/uzermak.com\/tr\/wp-json\/wp\/v2\/pages\/2392\/revisions"}],"wp:attachment":[{"href":"https:\/\/uzermak.com\/tr\/wp-json\/wp\/v2\/media?parent=2392"}],"curies":[{"name":"wp","href":"https:\/\/api.w.org\/{rel}","templated":true}]}}