{"id":2367,"date":"2020-02-20T06:24:17","date_gmt":"2020-02-20T06:24:17","guid":{"rendered":"https:\/\/uzermak.com\/mission-vision\/"},"modified":"2021-02-25T14:17:41","modified_gmt":"2021-02-25T14:17:41","slug":"misyon-vizyon","status":"publish","type":"page","link":"https:\/\/uzermak.com\/tr\/misyon-vizyon\/","title":{"rendered":"Misyon &#038; Vizyon"},"content":{"rendered":"\t\t<div data-elementor-type=\"wp-page\" data-elementor-id=\"2367\" class=\"elementor elementor-2367 elementor-537\" data-elementor-post-type=\"page\">\n\t\t\t\t\t\t<section class=\"elementor-section elementor-top-section elementor-element elementor-element-eeb2bfd elementor-section-height-min-height elementor-section-boxed elementor-section-height-default elementor-section-items-middle\" data-id=\"eeb2bfd\" data-element_type=\"section\" data-settings=\"{&quot;background_background&quot;:&quot;classic&quot;}\">\n\t\t\t\t\t\t<div class=\"elementor-container elementor-column-gap-default\">\n\t\t\t\t\t<div class=\"elementor-column elementor-col-50 elementor-top-column elementor-element elementor-element-b803041\" data-id=\"b803041\" data-element_type=\"column\">\n\t\t\t<div class=\"elementor-widget-wrap elementor-element-populated\">\n\t\t\t\t\t\t<div class=\"elementor-element elementor-element-899aedb elementor-widget elementor-widget-heading\" data-id=\"899aedb\" data-element_type=\"widget\" data-widget_type=\"heading.default\">\n\t\t\t\t<div class=\"elementor-widget-container\">\n\t\t\t<h2 class=\"elementor-heading-title elementor-size-default\">Misyon &#038; Vizyon<\/h2>\t\t<\/div>\n\t\t\t\t<\/div>\n\t\t\t\t\t<\/div>\n\t\t<\/div>\n\t\t\t\t<div class=\"elementor-column elementor-col-50 elementor-top-column elementor-element elementor-element-ff643f9\" data-id=\"ff643f9\" data-element_type=\"column\">\n\t\t\t<div class=\"elementor-widget-wrap elementor-element-populated\">\n\t\t\t\t\t\t<div class=\"elementor-element elementor-element-b05d458 elementor-widget elementor-widget-shortcode\" data-id=\"b05d458\" data-element_type=\"widget\" data-widget_type=\"shortcode.default\">\n\t\t\t\t<div class=\"elementor-widget-container\">\n\t\t\t\t\t<div class=\"elementor-shortcode\">\t\t\t<!-- Flexy Breadcrumb -->\r\n\t\t\t<div class=\"fbc fbc-page\">\r\n\r\n\t\t\t\t<!-- Breadcrumb wrapper -->\r\n\t\t\t\t<div class=\"fbc-wrap\">\r\n\r\n\t\t\t\t\t<!-- Ordered list-->\r\n\t\t\t\t\t<ol class=\"fbc-items\" itemscope itemtype=\"https:\/\/schema.org\/BreadcrumbList\">\r\n\t\t\t\t\t\t            <li itemprop=\"itemListElement\" itemscope itemtype=\"https:\/\/schema.org\/ListItem\">\r\n                <span itemprop=\"name\">\r\n                    <!-- Home Link -->\r\n                    <a itemprop=\"item\" href=\"https:\/\/uzermak.com\/tr\/\">\r\n                    \r\n                                                    <i class=\"fa fa-home\" aria-hidden=\"true\"><\/i>Home                    <\/a>\r\n                <\/span>\r\n                <meta itemprop=\"position\" content=\"1\" \/><!-- Meta Position-->\r\n             <\/li><li><span class=\"fbc-separator\">\/<\/span><\/li><li class=\"active\" itemprop=\"itemListElement\" itemscope itemtype=\"https:\/\/schema.org\/ListItem\"><span itemprop=\"name\" title=\"Misyon &#038; Vizyon\">Misyon &#038; Vizyon<\/span><meta itemprop=\"position\" content=\"2\" \/><\/li>\t\t\t\t\t<\/ol>\r\n\t\t\t\t\t<div class=\"clearfix\"><\/div>\r\n\t\t\t\t<\/div>\r\n\t\t\t<\/div>\r\n\t\t\t<\/div>\n\t\t\t\t<\/div>\n\t\t\t\t<\/div>\n\t\t\t\t\t<\/div>\n\t\t<\/div>\n\t\t\t\t\t<\/div>\n\t\t<\/section>\n\t\t\t\t<section class=\"elementor-section elementor-top-section elementor-element elementor-element-2d4a8a4 elementor-section-boxed elementor-section-height-default elementor-section-height-default\" data-id=\"2d4a8a4\" data-element_type=\"section\">\n\t\t\t\t\t\t<div class=\"elementor-container elementor-column-gap-default\">\n\t\t\t\t\t<div class=\"elementor-column elementor-col-100 elementor-top-column elementor-element elementor-element-7c22008\" data-id=\"7c22008\" data-element_type=\"column\" data-settings=\"{&quot;background_background&quot;:&quot;classic&quot;}\">\n\t\t\t<div class=\"elementor-widget-wrap elementor-element-populated\">\n\t\t\t\t\t\t<div class=\"elementor-element elementor-element-ad13a36 elementor-widget elementor-widget-text-editor\" data-id=\"ad13a36\" data-element_type=\"widget\" data-widget_type=\"text-editor.default\">\n\t\t\t\t<div class=\"elementor-widget-container\">\n\t\t\t\t\t\t\t<p>Uzermak olarak; sekt\u00f6r\u00fcn \u00f6nde gelen markalar\u0131na, makine ve ekipman imalat\u0131n\u0131n yan\u0131 s\u0131ra, montaj hizmeti, anahtar teslimi fabrika kurulumu ve sat\u0131\u015f sonras\u0131 servis hizmetlerini \u00fcst\u00fcn kalite anlay\u0131\u015f\u0131 ile sunuyoruz. Bu anlamda, sekt\u00f6rde aranan markalar\u0131ndan birisi haline geldik. D\u00fcnyadaki son teknolojiyi, kalite belgelerimiz ile tescilli olarak m\u00fc\u015fterilerimize sunuyoruz. Her g\u00fcn ayn\u0131 heyecan ile i\u015fimize geliyor, kendimizi yenilemeye devam ediyoruz. Kurulu\u015fumuzdan itibaren hep i\u015fimize yat\u0131r\u0131m yapt\u0131k. Bu yolda birlikte y\u00fcr\u00fcmekten mutlu ve gururluyuz.<\/p>\t\t\t\t\t\t<\/div>\n\t\t\t\t<\/div>\n\t\t\t\t<div class=\"elementor-element elementor-element-cb25c12 elementor-widget elementor-widget-image\" data-id=\"cb25c12\" data-element_type=\"widget\" data-widget_type=\"image.default\">\n\t\t\t\t<div class=\"elementor-widget-container\">\n\t\t\t\t\t\t\t\t\t\t\t\t\t<img decoding=\"async\" src=\"https:\/\/uzermak.com\/wp-content\/uploads\/elementor\/thumbs\/u-imza-onir0xdc4r2woymas3qj63hj2kndlpc2r75jgv3yf4.jpg\" title=\"u-imza\" alt=\"u-imza\" loading=\"lazy\" \/>\t\t\t\t\t\t\t\t\t\t\t\t\t<\/div>\n\t\t\t\t<\/div>\n\t\t\t\t\t<\/div>\n\t\t<\/div>\n\t\t\t\t\t<\/div>\n\t\t<\/section>\n\t\t\t\t<section class=\"elementor-section elementor-top-section elementor-element elementor-element-da31852 elementor-section-boxed elementor-section-height-default elementor-section-height-default\" data-id=\"da31852\" data-element_type=\"section\">\n\t\t\t\t\t\t<div class=\"elementor-container elementor-column-gap-default\">\n\t\t\t\t\t<div class=\"elementor-column elementor-col-100 elementor-top-column elementor-element elementor-element-564ff1b\" data-id=\"564ff1b\" data-element_type=\"column\">\n\t\t\t<div class=\"elementor-widget-wrap elementor-element-populated\">\n\t\t\t\t\t\t<div class=\"elementor-element elementor-element-03737a8 elementor-widget elementor-widget-image\" data-id=\"03737a8\" data-element_type=\"widget\" data-widget_type=\"image.default\">\n\t\t\t\t<div class=\"elementor-widget-container\">\n\t\t\t\t\t\t\t\t\t\t\t\t\t<img fetchpriority=\"high\" decoding=\"async\" width=\"1140\" height=\"501\" src=\"https:\/\/uzermak.com\/wp-content\/uploads\/2020\/02\/mission_visiion_page-photo.jpg\" class=\"attachment-full size-full wp-image-966\" alt=\"\" srcset=\"https:\/\/uzermak.com\/wp-content\/uploads\/2020\/02\/mission_visiion_page-photo.jpg 1140w, https:\/\/uzermak.com\/wp-content\/uploads\/2020\/02\/mission_visiion_page-photo-300x132.jpg 300w, https:\/\/uzermak.com\/wp-content\/uploads\/2020\/02\/mission_visiion_page-photo-1024x450.jpg 1024w, https:\/\/uzermak.com\/wp-content\/uploads\/2020\/02\/mission_visiion_page-photo-768x338.jpg 768w\" sizes=\"(max-width: 1140px) 100vw, 1140px\" \/>\t\t\t\t\t\t\t\t\t\t\t\t\t<\/div>\n\t\t\t\t<\/div>\n\t\t\t\t\t<\/div>\n\t\t<\/div>\n\t\t\t\t\t<\/div>\n\t\t<\/section>\n\t\t\t\t<section class=\"elementor-section elementor-top-section elementor-element elementor-element-8c70b00 elementor-section-boxed elementor-section-height-default elementor-section-height-default\" data-id=\"8c70b00\" data-element_type=\"section\">\n\t\t\t\t\t\t<div class=\"elementor-container elementor-column-gap-default\">\n\t\t\t\t\t<div class=\"elementor-column elementor-col-33 elementor-top-column elementor-element elementor-element-4855010\" data-id=\"4855010\" data-element_type=\"column\">\n\t\t\t<div class=\"elementor-widget-wrap elementor-element-populated\">\n\t\t\t\t\t\t<div class=\"elementor-element elementor-element-ad6272b elementor-widget elementor-widget-heading\" data-id=\"ad6272b\" data-element_type=\"widget\" data-widget_type=\"heading.default\">\n\t\t\t\t<div class=\"elementor-widget-container\">\n\t\t\t<h2 class=\"elementor-heading-title elementor-size-default\">M\u0130SYONUMUZ<\/h2>\t\t<\/div>\n\t\t\t\t<\/div>\n\t\t\t\t<div class=\"elementor-element elementor-element-65bc39d elementor-widget elementor-widget-text-editor\" data-id=\"65bc39d\" data-element_type=\"widget\" data-widget_type=\"text-editor.default\">\n\t\t\t\t<div class=\"elementor-widget-container\">\n\t\t\t\t\t\t\t<p>Uzermak olarak, \u00e7e\u015fitli g\u0131da end\u00fcstrileri i\u00e7in g\u0131da i\u015fleme ekipmanlar\u0131 \u00fcretiminde d\u00fcnyan\u0131n \u00f6nde gelen \u015firketleri ile rekabet ediyoruz. D\u00fcnyada ve T\u00fcrkiye&#8217;de, yenilik\u00e7i yap\u0131m\u0131z ve y\u00fcksek kaliteli \u00fcr\u00fcnlerimizle m\u00fc\u015fterilerimize y\u00fcksek performansl\u0131 makineler ve g\u00fcvenilir hizmet sunuyoruz.<\/p>\t\t\t\t\t\t<\/div>\n\t\t\t\t<\/div>\n\t\t\t\t\t<\/div>\n\t\t<\/div>\n\t\t\t\t<div class=\"elementor-column elementor-col-33 elementor-top-column elementor-element elementor-element-21fb607\" data-id=\"21fb607\" data-element_type=\"column\">\n\t\t\t<div class=\"elementor-widget-wrap\">\n\t\t\t\t\t\t\t<\/div>\n\t\t<\/div>\n\t\t\t\t<div class=\"elementor-column elementor-col-33 elementor-top-column elementor-element elementor-element-2ece235\" data-id=\"2ece235\" data-element_type=\"column\">\n\t\t\t<div class=\"elementor-widget-wrap elementor-element-populated\">\n\t\t\t\t\t\t<div class=\"elementor-element elementor-element-47753ac elementor-widget elementor-widget-heading\" data-id=\"47753ac\" data-element_type=\"widget\" data-widget_type=\"heading.default\">\n\t\t\t\t<div class=\"elementor-widget-container\">\n\t\t\t<h2 class=\"elementor-heading-title elementor-size-default\">V\u0130ZYONUMUZ<\/h2>\t\t<\/div>\n\t\t\t\t<\/div>\n\t\t\t\t<div class=\"elementor-element elementor-element-af176b8 elementor-widget elementor-widget-text-editor\" data-id=\"af176b8\" data-element_type=\"widget\" data-widget_type=\"text-editor.default\">\n\t\t\t\t<div class=\"elementor-widget-container\">\n\t\t\t\t\t\t\tUzermak olarak, teknolojik trendler do\u011frultusunda kendimizi geli\u015ftirmeyi ve daima y\u00fcksek \u00fcr\u00fcn kalitesi \/ performans\u0131na ve m\u00fc\u015fteri memnuniyetine \u00f6ncelik vererek d\u00fcnyan\u0131n \u00e7e\u015fitli pazarlar\u0131ndaki etkinli\u011fimizi art\u0131rmay\u0131 hedefliyoruz.\t\t\t\t\t\t<\/div>\n\t\t\t\t<\/div>\n\t\t\t\t\t<\/div>\n\t\t<\/div>\n\t\t\t\t\t<\/div>\n\t\t<\/section>\n\t\t\t\t<section class=\"elementor-section elementor-top-section elementor-element elementor-element-09cda5c elementor-section-boxed elementor-section-height-default elementor-section-height-default\" data-id=\"09cda5c\" data-element_type=\"section\">\n\t\t\t\t\t\t<div class=\"elementor-container elementor-column-gap-default\">\n\t\t\t\t\t<div class=\"elementor-column elementor-col-100 elementor-top-column elementor-element elementor-element-949074f\" data-id=\"949074f\" data-element_type=\"column\">\n\t\t\t<div class=\"elementor-widget-wrap\">\n\t\t\t\t\t\t\t<\/div>\n\t\t<\/div>\n\t\t\t\t\t<\/div>\n\t\t<\/section>\n\t\t\t\t<\/div>\n\t\t","protected":false},"excerpt":{"rendered":"<p>Uzermak olarak; sekt\u00f6r\u00fcn \u00f6nde gelen markalar\u0131na, makine ve ekipman imalat\u0131n\u0131n yan\u0131 s\u0131ra, montaj hizmeti, anahtar teslimi fabrika kurulumu ve sat\u0131\u015f sonras\u0131 servis hizmetlerini \u00fcst\u00fcn kalite anlay\u0131\u015f\u0131 ile sunuyoruz. Bu anlamda, sekt\u00f6rde aranan markalar\u0131ndan birisi haline geldik. D\u00fcnyadaki son teknolojiyi, kalite belgelerimiz ile tescilli olarak m\u00fc\u015fterilerimize sunuyoruz. Her g\u00fcn ayn\u0131 heyecan ile i\u015fimize geliyor, kendimizi yenilemeye [&hellip;]<\/p>\n","protected":false},"author":1,"featured_media":0,"parent":0,"menu_order":0,"comment_status":"closed","ping_status":"closed","template":"","meta":{"_monsterinsights_skip_tracking":false,"_monsterinsights_sitenote_active":false,"_monsterinsights_sitenote_note":"","_monsterinsights_sitenote_category":0,"footnotes":""},"class_list":["post-2367","page","type-page","status-publish","hentry"],"aioseo_notices":[],"_links":{"self":[{"href":"https:\/\/uzermak.com\/tr\/wp-json\/wp\/v2\/pages\/2367","targetHints":{"allow":["GET"]}}],"collection":[{"href":"https:\/\/uzermak.com\/tr\/wp-json\/wp\/v2\/pages"}],"about":[{"href":"https:\/\/uzermak.com\/tr\/wp-json\/wp\/v2\/types\/page"}],"author":[{"embeddable":true,"href":"https:\/\/uzermak.com\/tr\/wp-json\/wp\/v2\/users\/1"}],"replies":[{"embeddable":true,"href":"https:\/\/uzermak.com\/tr\/wp-json\/wp\/v2\/comments?post=2367"}],"version-history":[{"count":0,"href":"https:\/\/uzermak.com\/tr\/wp-json\/wp\/v2\/pages\/2367\/revisions"}],"wp:attachment":[{"href":"https:\/\/uzermak.com\/tr\/wp-json\/wp\/v2\/media?parent=2367"}],"curies":[{"name":"wp","href":"https:\/\/api.w.org\/{rel}","templated":true}]}}