{"id":2398,"date":"2020-01-21T05:48:41","date_gmt":"2020-01-21T05:48:41","guid":{"rendered":"https:\/\/uzermak.com\/about-us\/"},"modified":"2024-11-27T14:41:39","modified_gmt":"2024-11-27T14:41:39","slug":"a-propos-de-nous","status":"publish","type":"page","link":"https:\/\/uzermak.com\/fr\/a-propos-de-nous\/","title":{"rendered":"A propos de nous"},"content":{"rendered":"\t\t<div data-elementor-type=\"wp-page\" data-elementor-id=\"2398\" class=\"elementor elementor-2398 elementor-96\" data-elementor-post-type=\"page\">\n\t\t\t\t\t\t<section class=\"elementor-section elementor-top-section elementor-element elementor-element-c5db10f elementor-section-height-min-height elementor-section-boxed elementor-section-height-default elementor-section-items-middle\" data-id=\"c5db10f\" data-element_type=\"section\" data-settings=\"{&quot;background_background&quot;:&quot;classic&quot;}\">\n\t\t\t\t\t\t<div class=\"elementor-container elementor-column-gap-default\">\n\t\t\t\t\t<div class=\"elementor-column elementor-col-50 elementor-top-column elementor-element elementor-element-c66fb8b\" data-id=\"c66fb8b\" data-element_type=\"column\">\n\t\t\t<div class=\"elementor-widget-wrap elementor-element-populated\">\n\t\t\t\t\t\t<div class=\"elementor-element elementor-element-58a89d0 elementor-widget elementor-widget-heading\" data-id=\"58a89d0\" data-element_type=\"widget\" data-widget_type=\"heading.default\">\n\t\t\t\t<div class=\"elementor-widget-container\">\n\t\t\t<h2 class=\"elementor-heading-title elementor-size-default\">A propos de nous<\/h2>\t\t<\/div>\n\t\t\t\t<\/div>\n\t\t\t\t\t<\/div>\n\t\t<\/div>\n\t\t\t\t<div class=\"elementor-column elementor-col-50 elementor-top-column elementor-element elementor-element-e920b90\" data-id=\"e920b90\" data-element_type=\"column\">\n\t\t\t<div class=\"elementor-widget-wrap elementor-element-populated\">\n\t\t\t\t\t\t<div class=\"elementor-element elementor-element-d6d1a90 elementor-widget elementor-widget-shortcode\" data-id=\"d6d1a90\" data-element_type=\"widget\" data-widget_type=\"shortcode.default\">\n\t\t\t\t<div class=\"elementor-widget-container\">\n\t\t\t\t\t<div class=\"elementor-shortcode\">\t\t\t<!-- Flexy Breadcrumb -->\r\n\t\t\t<div class=\"fbc fbc-page\">\r\n\r\n\t\t\t\t<!-- Breadcrumb wrapper -->\r\n\t\t\t\t<div class=\"fbc-wrap\">\r\n\r\n\t\t\t\t\t<!-- Ordered list-->\r\n\t\t\t\t\t<ol class=\"fbc-items\" itemscope itemtype=\"https:\/\/schema.org\/BreadcrumbList\">\r\n\t\t\t\t\t\t            <li itemprop=\"itemListElement\" itemscope itemtype=\"https:\/\/schema.org\/ListItem\">\r\n                <span itemprop=\"name\">\r\n                    <!-- Home Link -->\r\n                    <a itemprop=\"item\" href=\"https:\/\/uzermak.com\/fr\/\">\r\n                    \r\n                                                    <i class=\"fa fa-home\" aria-hidden=\"true\"><\/i>Home                    <\/a>\r\n                <\/span>\r\n                <meta itemprop=\"position\" content=\"1\" \/><!-- Meta Position-->\r\n             <\/li><li><span class=\"fbc-separator\">\/<\/span><\/li><li class=\"active\" itemprop=\"itemListElement\" itemscope itemtype=\"https:\/\/schema.org\/ListItem\"><span itemprop=\"name\" title=\"A propos de nous\">A propos de nous<\/span><meta itemprop=\"position\" content=\"2\" \/><\/li>\t\t\t\t\t<\/ol>\r\n\t\t\t\t\t<div class=\"clearfix\"><\/div>\r\n\t\t\t\t<\/div>\r\n\t\t\t<\/div>\r\n\t\t\t<\/div>\n\t\t\t\t<\/div>\n\t\t\t\t<\/div>\n\t\t\t\t\t<\/div>\n\t\t<\/div>\n\t\t\t\t\t<\/div>\n\t\t<\/section>\n\t\t\t\t<section class=\"elementor-section elementor-top-section elementor-element elementor-element-2f853da elementor-section-boxed elementor-section-height-default elementor-section-height-default\" data-id=\"2f853da\" data-element_type=\"section\">\n\t\t\t\t\t\t<div class=\"elementor-container elementor-column-gap-default\">\n\t\t\t\t\t<div class=\"elementor-column elementor-col-100 elementor-top-column elementor-element elementor-element-71cce2a\" data-id=\"71cce2a\" data-element_type=\"column\">\n\t\t\t<div class=\"elementor-widget-wrap elementor-element-populated\">\n\t\t\t\t\t\t<div class=\"elementor-element elementor-element-092c2fe elementor-widget elementor-widget-video\" data-id=\"092c2fe\" data-element_type=\"widget\" data-settings=\"{&quot;youtube_url&quot;:&quot;https:\\\/\\\/www.youtube.com\\\/watch?v=ybn5g3gZQRA&quot;,&quot;show_image_overlay&quot;:&quot;yes&quot;,&quot;image_overlay&quot;:{&quot;url&quot;:&quot;https:\\\/\\\/uzermak.com\\\/wp-content\\\/uploads\\\/2020\\\/01\\\/uzermak-about-picture.jpg&quot;,&quot;id&quot;:2399,&quot;size&quot;:&quot;&quot;},&quot;lazy_load&quot;:&quot;yes&quot;,&quot;video_type&quot;:&quot;youtube&quot;,&quot;controls&quot;:&quot;yes&quot;}\" data-widget_type=\"video.default\">\n\t\t\t\t<div class=\"elementor-widget-container\">\n\t\t\t\t\t<div class=\"elementor-wrapper elementor-open-inline\">\n\t\t\t<div class=\"elementor-video\"><\/div>\t\t\t\t<div class=\"elementor-custom-embed-image-overlay\" style=\"background-image: url(https:\/\/uzermak.com\/wp-content\/uploads\/2020\/01\/uzermak-about-picture.jpg);\">\n\t\t\t\t\t\t\t\t\t\t\t\t\t\t\t\t<div class=\"elementor-custom-embed-play\" role=\"button\" aria-label=\"Lire la vid\u00e9o\" tabindex=\"0\">\n\t\t\t\t\t\t\t<i aria-hidden=\"true\" class=\"eicon-play\"><\/i>\t\t\t\t\t\t\t<span class=\"elementor-screen-only\">Lire la vid\u00e9o<\/span>\n\t\t\t\t\t\t<\/div>\n\t\t\t\t\t\t\t\t\t<\/div>\n\t\t\t\t\t<\/div>\n\t\t\t\t<\/div>\n\t\t\t\t<\/div>\n\t\t\t\t<div class=\"elementor-element elementor-element-ffa2eb4 elementor-widget elementor-widget-text-editor\" data-id=\"ffa2eb4\" data-element_type=\"widget\" data-widget_type=\"text-editor.default\">\n\t\t\t\t<div class=\"elementor-widget-container\">\n\t\t\t\t\t\t\t<p><span style=\"font-weight: 400;\">Uzermak A.\u015e. a commenc\u00e9 \u00e0 fabriquer des machines et des \u00e9quipements pour l&rsquo;industrie laiti\u00e8re et alimentaire il y a 27 ans dans la partie orientale de la Turquie, \u00e0 Izmir. <\/span><\/p><p><span style=\"font-weight: 400;\">Aujourd&rsquo;hui, l&rsquo;entreprise dispose d&rsquo;une surface de 10 000 m2 pour la fabrication et les bureaux de vente et de marketing.\u00a0<\/span><\/p><p><span style=\"font-weight: 400;\">La soci\u00e9t\u00e9 est sp\u00e9cialis\u00e9e dans la fabrication d&rsquo;\u00e9quipements et de machines pour l&rsquo;industrie alimentaire ainsi que dans l&rsquo;installation et le montage de projets cl\u00e9s en main avec un service apr\u00e8s-vente pour les principales entreprises de transformation alimentaire du monde entier. Uzermak A.\u015e. est l&rsquo;un des fabricants pr\u00e9f\u00e9r\u00e9s qui fournit des machines sur mesure de haute qualit\u00e9 et de haute performance.\u00a0<\/span><\/p><p><span style=\"font-weight: 400;\">Notre objectif premier est de donner \u00e0 notre entreprise une longueur d&rsquo;avance chaque jour. C&rsquo;est pourquoi nous continuons \u00e0 am\u00e9liorer nos machines et \u00e0 en ajouter de nouvelles \u00e0 notre gamme de produits. Nous visons \u00e0 soutenir et \u00e0 servir nos clients gr\u00e2ce \u00e0 la technologie et aux innovations. Nous visons \u00e0 accro\u00eetre notre pr\u00e9sence dans le monde en exportant. Nous avons export\u00e9 dans plus de 35 pays \u00e0 ce jour. La carte des exportations de notre entreprise comprend des pays tels que l&rsquo;Alg\u00e9rie, la Belgique, la Bulgarie, Chypre, la Finlande, l&rsquo;\u00c9gypte, la Hongrie, l&rsquo;Inde, l&rsquo;Irak, l&rsquo;Iran, la Jordanie, le Kazakhstan, le Kirghizstan, la KSA, le Liban, la Libye, la Lituanie, la Malaisie, le Maroc, les Pays-Bas, le Pakistan, la Pologne, le Qatar, la Roumanie, la Russie, le S\u00e9n\u00e9gal, l&rsquo;Afrique du Sud, la Syrie, les EAU, le Royaume-Uni, l&rsquo;Ouzb\u00e9kistan, le Y\u00e9men, le Zimbabwe.<\/span><\/p><p><span style=\"font-weight: 400;\">Le portefeuille de produits d&rsquo;Uzermak A.\u015e. comprend : \u00ab\u00a0Cuves \u00e0 fromage, tambours filtrants, m\u00e9langeurs multifonctionnels pour l&rsquo;industrie alimentaire, syst\u00e8me de traitement \u00e0 ultra-haute temp\u00e9rature, cuves de traitement, homog\u00e9n\u00e9isateurs m\u00e9caniques de micro-d\u00e9coupe, machines de moulage, machines de cuisson et d&rsquo;\u00e9tirage, chariots, pompes centrifuges, pompes \u00e0 lobes, pompes \u00e0 double vis, transporteurs et \u00e9l\u00e9vateurs de caill\u00e9, cuves de stockage, cuves et unit\u00e9s CIP, cuves de cuisson\u00a0\u00bb etc.<\/span><\/p><p><span style=\"font-weight: 400;\">Les \u00e9quipements et machines d&rsquo;Uzermak A.\u015e. sont utilisables dans l&rsquo;industrie laiti\u00e8re ainsi que dans l&rsquo;industrie de la confiserie et des plats cuisin\u00e9s. Les produits \u00e0 fabriquer sont la mozzarella, le kashkaval, le cheddar, le gouda, les p\u00e2tes fil\u00e9es, les produits lactiques, la ricotta, le halloumi, les analogues et imitations, la cr\u00e8me et les fromages fondus, les sauces, les vinaigrettes, le ketchup, la mayonnaise, le hummus, les pur\u00e9es, les garnitures de confiserie, la cr\u00e8me au chocolat, la ganache, la p\u00e2te d&rsquo;amandes, les confitures, etc.<\/span><\/p>\t\t\t\t\t\t<\/div>\n\t\t\t\t<\/div>\n\t\t\t\t\t<\/div>\n\t\t<\/div>\n\t\t\t\t\t<\/div>\n\t\t<\/section>\n\t\t\t\t<\/div>\n\t\t","protected":false},"excerpt":{"rendered":"<p>https:\/\/www.youtube.com\/watch?v=ybn5g3gZQRA Uzermak A.\u015e. a commenc\u00e9 \u00e0 fabriquer des machines et des \u00e9quipements pour l&rsquo;industrie laiti\u00e8re et alimentaire il y a 27 ans dans la partie orientale de la Turquie, \u00e0 Izmir. Aujourd&rsquo;hui, l&rsquo;entreprise dispose d&rsquo;une surface de 10 000 m2 pour la fabrication et les bureaux de vente et de marketing.\u00a0 La soci\u00e9t\u00e9 est sp\u00e9cialis\u00e9e [&hellip;]<\/p>\n","protected":false},"author":1,"featured_media":0,"parent":0,"menu_order":0,"comment_status":"closed","ping_status":"closed","template":"","meta":{"_monsterinsights_skip_tracking":false,"_monsterinsights_sitenote_active":false,"_monsterinsights_sitenote_note":"","_monsterinsights_sitenote_category":0,"footnotes":""},"class_list":["post-2398","page","type-page","status-publish","hentry"],"aioseo_notices":[],"_links":{"self":[{"href":"https:\/\/uzermak.com\/fr\/wp-json\/wp\/v2\/pages\/2398","targetHints":{"allow":["GET"]}}],"collection":[{"href":"https:\/\/uzermak.com\/fr\/wp-json\/wp\/v2\/pages"}],"about":[{"href":"https:\/\/uzermak.com\/fr\/wp-json\/wp\/v2\/types\/page"}],"author":[{"embeddable":true,"href":"https:\/\/uzermak.com\/fr\/wp-json\/wp\/v2\/users\/1"}],"replies":[{"embeddable":true,"href":"https:\/\/uzermak.com\/fr\/wp-json\/wp\/v2\/comments?post=2398"}],"version-history":[{"count":3,"href":"https:\/\/uzermak.com\/fr\/wp-json\/wp\/v2\/pages\/2398\/revisions"}],"predecessor-version":[{"id":6117,"href":"https:\/\/uzermak.com\/fr\/wp-json\/wp\/v2\/pages\/2398\/revisions\/6117"}],"wp:attachment":[{"href":"https:\/\/uzermak.com\/fr\/wp-json\/wp\/v2\/media?parent=2398"}],"curies":[{"name":"wp","href":"https:\/\/api.w.org\/{rel}","templated":true}]}}