{"id":2369,"date":"2020-02-20T06:24:17","date_gmt":"2020-02-20T06:24:17","guid":{"rendered":"https:\/\/uzermak.com\/mission-vision\/"},"modified":"2020-04-21T10:46:46","modified_gmt":"2020-04-21T10:46:46","slug":"mission-et-vision","status":"publish","type":"page","link":"https:\/\/uzermak.com\/fr\/mission-et-vision\/","title":{"rendered":"Mission Et Vision"},"content":{"rendered":"\t\t<div data-elementor-type=\"wp-page\" data-elementor-id=\"2369\" class=\"elementor elementor-2369 elementor-537\" data-elementor-post-type=\"page\">\n\t\t\t\t\t\t<section class=\"elementor-section elementor-top-section elementor-element elementor-element-eeb2bfd elementor-section-height-min-height elementor-section-boxed elementor-section-height-default elementor-section-items-middle\" data-id=\"eeb2bfd\" data-element_type=\"section\" data-settings=\"{&quot;background_background&quot;:&quot;classic&quot;}\">\n\t\t\t\t\t\t<div class=\"elementor-container elementor-column-gap-default\">\n\t\t\t\t\t<div class=\"elementor-column elementor-col-50 elementor-top-column elementor-element elementor-element-b803041\" data-id=\"b803041\" data-element_type=\"column\">\n\t\t\t<div class=\"elementor-widget-wrap elementor-element-populated\">\n\t\t\t\t\t\t<div class=\"elementor-element elementor-element-899aedb elementor-widget elementor-widget-heading\" data-id=\"899aedb\" data-element_type=\"widget\" data-widget_type=\"heading.default\">\n\t\t\t\t<div class=\"elementor-widget-container\">\n\t\t\t<h2 class=\"elementor-heading-title elementor-size-default\">Mission Et Vision<\/h2>\t\t<\/div>\n\t\t\t\t<\/div>\n\t\t\t\t\t<\/div>\n\t\t<\/div>\n\t\t\t\t<div class=\"elementor-column elementor-col-50 elementor-top-column elementor-element elementor-element-ff643f9\" data-id=\"ff643f9\" data-element_type=\"column\">\n\t\t\t<div class=\"elementor-widget-wrap elementor-element-populated\">\n\t\t\t\t\t\t<div class=\"elementor-element elementor-element-b05d458 elementor-widget elementor-widget-shortcode\" data-id=\"b05d458\" data-element_type=\"widget\" data-widget_type=\"shortcode.default\">\n\t\t\t\t<div class=\"elementor-widget-container\">\n\t\t\t\t\t<div class=\"elementor-shortcode\">\t\t\t<!-- Flexy Breadcrumb -->\r\n\t\t\t<div class=\"fbc fbc-page\">\r\n\r\n\t\t\t\t<!-- Breadcrumb wrapper -->\r\n\t\t\t\t<div class=\"fbc-wrap\">\r\n\r\n\t\t\t\t\t<!-- Ordered list-->\r\n\t\t\t\t\t<ol class=\"fbc-items\" itemscope itemtype=\"https:\/\/schema.org\/BreadcrumbList\">\r\n\t\t\t\t\t\t            <li itemprop=\"itemListElement\" itemscope itemtype=\"https:\/\/schema.org\/ListItem\">\r\n                <span itemprop=\"name\">\r\n                    <!-- Home Link -->\r\n                    <a itemprop=\"item\" href=\"https:\/\/uzermak.com\/fr\/\">\r\n                    \r\n                                                    <i class=\"fa fa-home\" aria-hidden=\"true\"><\/i>Home                    <\/a>\r\n                <\/span>\r\n                <meta itemprop=\"position\" content=\"1\" \/><!-- Meta Position-->\r\n             <\/li><li><span class=\"fbc-separator\">\/<\/span><\/li><li class=\"active\" itemprop=\"itemListElement\" itemscope itemtype=\"https:\/\/schema.org\/ListItem\"><span itemprop=\"name\" title=\"Mission Et Vision\">Mission Et Vision<\/span><meta itemprop=\"position\" content=\"2\" \/><\/li>\t\t\t\t\t<\/ol>\r\n\t\t\t\t\t<div class=\"clearfix\"><\/div>\r\n\t\t\t\t<\/div>\r\n\t\t\t<\/div>\r\n\t\t\t<\/div>\n\t\t\t\t<\/div>\n\t\t\t\t<\/div>\n\t\t\t\t\t<\/div>\n\t\t<\/div>\n\t\t\t\t\t<\/div>\n\t\t<\/section>\n\t\t\t\t<section class=\"elementor-section elementor-top-section elementor-element elementor-element-2d4a8a4 elementor-section-boxed elementor-section-height-default elementor-section-height-default\" data-id=\"2d4a8a4\" data-element_type=\"section\">\n\t\t\t\t\t\t<div class=\"elementor-container elementor-column-gap-default\">\n\t\t\t\t\t<div class=\"elementor-column elementor-col-100 elementor-top-column elementor-element elementor-element-7c22008\" data-id=\"7c22008\" data-element_type=\"column\" data-settings=\"{&quot;background_background&quot;:&quot;classic&quot;}\">\n\t\t\t<div class=\"elementor-widget-wrap elementor-element-populated\">\n\t\t\t\t\t\t<div class=\"elementor-element elementor-element-ad13a36 elementor-widget elementor-widget-text-editor\" data-id=\"ad13a36\" data-element_type=\"widget\" data-widget_type=\"text-editor.default\">\n\t\t\t\t<div class=\"elementor-widget-container\">\n\t\t\t\t\t\t\t<p><span style=\"font-weight: 400;\">En tant que soci\u00e9t\u00e9 Uzermak, nous fournissons des machines et des \u00e9quipements ainsi que l&rsquo;installation et le montage dans le cadre de projets cl\u00e9s en main avec des services apr\u00e8s-vente aux principales entreprises laiti\u00e8res et alimentaires. Nous avons \u00e9t\u00e9 l&rsquo;une des entreprises pr\u00e9f\u00e9r\u00e9es et choisies comme partenaire dans le secteur alimentaire. Nous soutenons et servons nos pr\u00e9cieux clients avec les derni\u00e8res am\u00e9liorations et technologies dans le monde tout en allant \u00e0 notre travail avec les passions et l&rsquo;amour que nous avons ressenti depuis les premiers temps jusqu&rsquo;\u00e0 ce que nous avons commenc\u00e9 notre entreprise. Depuis la fondation jusqu&rsquo;\u00e0 aujourd&rsquo;hui, nous avons toujours investi dans notre entreprise et nous en sommes heureux et fiers.<\/span><\/p>\t\t\t\t\t\t<\/div>\n\t\t\t\t<\/div>\n\t\t\t\t<div class=\"elementor-element elementor-element-09a25ac elementor-widget elementor-widget-image\" data-id=\"09a25ac\" data-element_type=\"widget\" data-widget_type=\"image.default\">\n\t\t\t\t<div class=\"elementor-widget-container\">\n\t\t\t\t\t\t\t\t\t\t\t\t\t<img decoding=\"async\" src=\"https:\/\/uzermak.com\/wp-content\/uploads\/elementor\/thumbs\/u-imza-onir0xdc4r2woymas3qj63hj2kndlpc2r75jgv3yf4.jpg\" title=\"u-imza\" alt=\"u-imza\" loading=\"lazy\" \/>\t\t\t\t\t\t\t\t\t\t\t\t\t<\/div>\n\t\t\t\t<\/div>\n\t\t\t\t\t<\/div>\n\t\t<\/div>\n\t\t\t\t\t<\/div>\n\t\t<\/section>\n\t\t\t\t<section class=\"elementor-section elementor-top-section elementor-element elementor-element-da31852 elementor-section-boxed elementor-section-height-default elementor-section-height-default\" data-id=\"da31852\" data-element_type=\"section\">\n\t\t\t\t\t\t<div class=\"elementor-container elementor-column-gap-default\">\n\t\t\t\t\t<div class=\"elementor-column elementor-col-100 elementor-top-column elementor-element elementor-element-564ff1b\" data-id=\"564ff1b\" data-element_type=\"column\">\n\t\t\t<div class=\"elementor-widget-wrap elementor-element-populated\">\n\t\t\t\t\t\t<div class=\"elementor-element elementor-element-03737a8 elementor-widget elementor-widget-image\" data-id=\"03737a8\" data-element_type=\"widget\" data-widget_type=\"image.default\">\n\t\t\t\t<div class=\"elementor-widget-container\">\n\t\t\t\t\t\t\t\t\t\t\t\t\t<img fetchpriority=\"high\" decoding=\"async\" width=\"1140\" height=\"501\" src=\"https:\/\/uzermak.com\/wp-content\/uploads\/2020\/02\/mission_visiion_page-photo.jpg\" class=\"attachment-full size-full wp-image-966\" alt=\"\" srcset=\"https:\/\/uzermak.com\/wp-content\/uploads\/2020\/02\/mission_visiion_page-photo.jpg 1140w, https:\/\/uzermak.com\/wp-content\/uploads\/2020\/02\/mission_visiion_page-photo-300x132.jpg 300w, https:\/\/uzermak.com\/wp-content\/uploads\/2020\/02\/mission_visiion_page-photo-1024x450.jpg 1024w, https:\/\/uzermak.com\/wp-content\/uploads\/2020\/02\/mission_visiion_page-photo-768x338.jpg 768w\" sizes=\"(max-width: 1140px) 100vw, 1140px\" \/>\t\t\t\t\t\t\t\t\t\t\t\t\t<\/div>\n\t\t\t\t<\/div>\n\t\t\t\t\t<\/div>\n\t\t<\/div>\n\t\t\t\t\t<\/div>\n\t\t<\/section>\n\t\t\t\t<section class=\"elementor-section elementor-top-section elementor-element elementor-element-8c70b00 elementor-section-boxed elementor-section-height-default elementor-section-height-default\" data-id=\"8c70b00\" data-element_type=\"section\">\n\t\t\t\t\t\t<div class=\"elementor-container elementor-column-gap-default\">\n\t\t\t\t\t<div class=\"elementor-column elementor-col-33 elementor-top-column elementor-element elementor-element-4855010\" data-id=\"4855010\" data-element_type=\"column\">\n\t\t\t<div class=\"elementor-widget-wrap elementor-element-populated\">\n\t\t\t\t\t\t<div class=\"elementor-element elementor-element-ad6272b elementor-widget elementor-widget-heading\" data-id=\"ad6272b\" data-element_type=\"widget\" data-widget_type=\"heading.default\">\n\t\t\t\t<div class=\"elementor-widget-container\">\n\t\t\t<h2 class=\"elementor-heading-title elementor-size-default\">Notre mission<\/h2>\t\t<\/div>\n\t\t\t\t<\/div>\n\t\t\t\t<div class=\"elementor-element elementor-element-65bc39d elementor-widget elementor-widget-text-editor\" data-id=\"65bc39d\" data-element_type=\"widget\" data-widget_type=\"text-editor.default\">\n\t\t\t\t<div class=\"elementor-widget-container\">\n\t\t\t\t\t\t\t<p><span style=\"font-weight: 400;\">En tant qu&rsquo;Uzermak, nous sommes en concurrence avec les principales entreprises mondiales d&rsquo;\u00e9quipements de transformation des aliments pour diverses industries alimentaires. Gr\u00e2ce \u00e0 notre structure innovante et \u00e0 nos produits de haute qualit\u00e9, nous offrons des machines performantes et un service fiable \u00e0 nos clients en Turquie et dans le monde.<\/span><\/p>\t\t\t\t\t\t<\/div>\n\t\t\t\t<\/div>\n\t\t\t\t\t<\/div>\n\t\t<\/div>\n\t\t\t\t<div class=\"elementor-column elementor-col-33 elementor-top-column elementor-element elementor-element-21fb607\" data-id=\"21fb607\" data-element_type=\"column\">\n\t\t\t<div class=\"elementor-widget-wrap\">\n\t\t\t\t\t\t\t<\/div>\n\t\t<\/div>\n\t\t\t\t<div class=\"elementor-column elementor-col-33 elementor-top-column elementor-element elementor-element-2ece235\" data-id=\"2ece235\" data-element_type=\"column\">\n\t\t\t<div class=\"elementor-widget-wrap elementor-element-populated\">\n\t\t\t\t\t\t<div class=\"elementor-element elementor-element-47753ac elementor-widget elementor-widget-heading\" data-id=\"47753ac\" data-element_type=\"widget\" data-widget_type=\"heading.default\">\n\t\t\t\t<div class=\"elementor-widget-container\">\n\t\t\t<h2 class=\"elementor-heading-title elementor-size-default\">Notre Vision<\/h2>\t\t<\/div>\n\t\t\t\t<\/div>\n\t\t\t\t<div class=\"elementor-element elementor-element-af176b8 elementor-widget elementor-widget-text-editor\" data-id=\"af176b8\" data-element_type=\"widget\" data-widget_type=\"text-editor.default\">\n\t\t\t\t<div class=\"elementor-widget-container\">\n\t\t\t\t\t\t\t<p><span style=\"font-weight: 400;\">En tant qu&rsquo;Uzermak, nous visons \u00e0 nous am\u00e9liorer en fonction des tendances technologiques, et \u00e0 accro\u00eetre notre efficacit\u00e9 sur les diff\u00e9rents march\u00e9s du monde en donnant toujours la priorit\u00e9 \u00e0 la haute qualit\u00e9\/performance des produits et \u00e0 la satisfaction des clients.<\/span><\/p>\t\t\t\t\t\t<\/div>\n\t\t\t\t<\/div>\n\t\t\t\t\t<\/div>\n\t\t<\/div>\n\t\t\t\t\t<\/div>\n\t\t<\/section>\n\t\t\t\t<section class=\"elementor-section elementor-top-section elementor-element elementor-element-09cda5c elementor-section-boxed elementor-section-height-default elementor-section-height-default\" data-id=\"09cda5c\" data-element_type=\"section\">\n\t\t\t\t\t\t<div class=\"elementor-container elementor-column-gap-default\">\n\t\t\t\t\t<div class=\"elementor-column elementor-col-100 elementor-top-column elementor-element elementor-element-949074f\" data-id=\"949074f\" data-element_type=\"column\">\n\t\t\t<div class=\"elementor-widget-wrap\">\n\t\t\t\t\t\t\t<\/div>\n\t\t<\/div>\n\t\t\t\t\t<\/div>\n\t\t<\/section>\n\t\t\t\t<\/div>\n\t\t","protected":false},"excerpt":{"rendered":"<p>En tant que soci\u00e9t\u00e9 Uzermak, nous fournissons des machines et des \u00e9quipements ainsi que l&rsquo;installation et le montage dans le cadre de projets cl\u00e9s en main avec des services apr\u00e8s-vente aux principales entreprises laiti\u00e8res et alimentaires. Nous avons \u00e9t\u00e9 l&rsquo;une des entreprises pr\u00e9f\u00e9r\u00e9es et choisies comme partenaire dans le secteur alimentaire. Nous soutenons et servons [&hellip;]<\/p>\n","protected":false},"author":1,"featured_media":0,"parent":0,"menu_order":0,"comment_status":"closed","ping_status":"closed","template":"","meta":{"_monsterinsights_skip_tracking":false,"_monsterinsights_sitenote_active":false,"_monsterinsights_sitenote_note":"","_monsterinsights_sitenote_category":0,"footnotes":""},"class_list":["post-2369","page","type-page","status-publish","hentry"],"aioseo_notices":[],"_links":{"self":[{"href":"https:\/\/uzermak.com\/fr\/wp-json\/wp\/v2\/pages\/2369","targetHints":{"allow":["GET"]}}],"collection":[{"href":"https:\/\/uzermak.com\/fr\/wp-json\/wp\/v2\/pages"}],"about":[{"href":"https:\/\/uzermak.com\/fr\/wp-json\/wp\/v2\/types\/page"}],"author":[{"embeddable":true,"href":"https:\/\/uzermak.com\/fr\/wp-json\/wp\/v2\/users\/1"}],"replies":[{"embeddable":true,"href":"https:\/\/uzermak.com\/fr\/wp-json\/wp\/v2\/comments?post=2369"}],"version-history":[{"count":0,"href":"https:\/\/uzermak.com\/fr\/wp-json\/wp\/v2\/pages\/2369\/revisions"}],"wp:attachment":[{"href":"https:\/\/uzermak.com\/fr\/wp-json\/wp\/v2\/media?parent=2369"}],"curies":[{"name":"wp","href":"https:\/\/api.w.org\/{rel}","templated":true}]}}